{"id":180,"date":"2024-04-25T14:28:31","date_gmt":"2024-04-25T12:28:31","guid":{"rendered":"https:\/\/lecoq-couverture.com\/?page_id=180"},"modified":"2024-04-25T14:28:31","modified_gmt":"2024-04-25T12:28:31","slug":"mentions-legales","status":"publish","type":"page","link":"https:\/\/lecoq-couverture.com\/index.php\/mentions-legales\/","title":{"rendered":"Mentions L\u00e9gales"},"content":{"rendered":"<p>[et_pb_section fb_built=&#8221;1&#8243; theme_builder_area=&#8221;post_content&#8221; _builder_version=&#8221;4.25.0&#8243; _module_preset=&#8221;default&#8221;][et_pb_row _builder_version=&#8221;4.25.0&#8243; _module_preset=&#8221;default&#8221; theme_builder_area=&#8221;post_content&#8221;][et_pb_column _builder_version=&#8221;4.25.0&#8243; _module_preset=&#8221;default&#8221; type=&#8221;4_4&#8243; theme_builder_area=&#8221;post_content&#8221;][et_pb_text _builder_version=&#8221;4.25.0&#8243; _module_preset=&#8221;default&#8221; theme_builder_area=&#8221;post_content&#8221; hover_enabled=&#8221;0&#8243; sticky_enabled=&#8221;0&#8243;]<\/p>\n<div class=\"title-single-service\">\n<h1>\u00e8Mention l\u00e9gales du site Couverture Lecoq<\/h1>\n<\/div>\n<p>Vous \u00eates connect\u00e9s au site\u00a0<a class=\"color-logo\" href=\"https:\/\/www.lecoq-couverture-94.fr\/\">www.lecoq-couverture.com <span><\/span><\/a>de la soci\u00e9t\u00e9 Couverture Lecoq<\/p>\n<p>&nbsp;<\/p>\n<h3>Coordonn\u00e9es de l&#8217;entit\u00e9 propri\u00e9taire du site Internet<\/h3>\n<p>&nbsp;<\/p>\n<p><strong>Couverture Lecoq<\/strong><br \/>27 Rue Carnot<br \/>77164 Ferri\u00e8res-en-brie<\/p>\n<p>T\u00e9l : 06 51 63 11 42<\/p>\n<p>SIREN : 982 897 183<\/p>\n<p>L&#8217;h\u00e9bergement est assur\u00e9 par OVH.\u00a0<br \/>Si\u00e8ge social : 2 rue Kellermann &#8211; 59100 Roubaix &#8211; France<br \/>SAS au capital de 10 069 020 \u20ac<br \/>RCS Lille M\u00e9tropole 424 761 419 00045<br \/>N\u00b0 TVA : FR 22 424 761 419<br \/>T\u00e9l\u00e9phone : 1007<\/p>\n<p>Conception, r\u00e9alisation et h\u00e9bergement lecoqwebmerketing.fr<br \/>7 rue des cerisiers<br \/>93110 &#8211; FRANCE<br \/>Confidentialit\u00e9 et protection des donn\u00e9es personnelles collect\u00e9es<\/p>\n<p>&nbsp;<\/p>\n<h4>NATURE DES INFORMATIONS PERSONNELLES COLLECT\u00c9ES AUPR\u00c8S DE L&#8217;UTILISATEUR<\/h4>\n<p>Dans le cadre de ses services (D\u00e9p\u00f4t d&#8217;une demande de service, D\u00e9p\u00f4t d&#8217;un avis, D\u00e9p\u00f4t d&#8217;une question, Commande),<span>\u00a0<\/span><strong>Couverture Lecoq<\/strong><span>\u00a0<\/span>est amen\u00e9 \u00e0 collecter des informations personnelles aupr\u00e8s des utilisateurs : Nom, pr\u00e9nom, adresse, t\u00e9l\u00e9phone et adresse Email<\/p>\n<p>&nbsp;<\/p>\n<h3>Utilisation de ces informations par la soci\u00e9t\u00e9<\/h3>\n<p>Ces informations sont collect\u00e9es car elles sont indispensables pour rendre le meilleur service \u00e0 l&#8217;utilisateur. Elles sont collect\u00e9es uniquement \u00e0 ce titre.<\/p>\n<p>&nbsp;<\/p>\n<h4>MODE DE TRANSFERT DES DONN\u00c9ES \u00c0 DES ENTREPRISES TIERCES<\/h4>\n<p>En aucun cas, ces donn\u00e9es personnelles peuvent \u00eatre transf\u00e9r\u00e9es \u00e0 des entreprises tierces<\/p>\n<p>&nbsp;<\/p>\n<h4>PROC\u00c9DURE MISE EN PLACE POUR MODIFIER OU SUPPRIMER CES INFORMATIONS PERSONNELLES OU LES D\u00c9SACTIVER<\/h4>\n<p>Le fichier du pr\u00e9sent site a fait l&#8217;objet d&#8217;une d\u00e9claration \u00e0 la CNIL sous le n\u00b01230905. A ce titre, l&#8217;utilisateur dispose d&#8217;un droit d&#8217;acc\u00e8s, de modification, de rectification et de suppression des donn\u00e9es qui le concerne (art. 34 de la loi &#8220;Informatique et Libert\u00e9s&#8221;). Pour l&#8217;exercer, adressez vous \u00e0<span><\/span><\/p>\n<p><strong>Couverture Lecoq<\/strong><br \/>27 Rue Carnot<br \/>77164 Ferri\u00e8res-en-brie<\/p>\n<p>T\u00e9l : 06 51 63 11 42<\/p>\n<p>SIREN : 982 897 183<\/p>\n<p>Si vous ne souhaitez pas activer le cookies, il vous suffit de param\u00e9trer votre navigateur internet. Voici la marche \u00e0 suivre par navigateur :<\/p>\n<p>Si vous utilisez Google Chrome : https:\/\/support.google.com\/accounts\/answer\/61416?hl=fr<br \/>Si vous utilisez Safari : https:\/\/support.apple.com\/kb\/PH19214?locale=fr_FR&amp;viewlocale=fr_FR<br \/>Si vous utilisez Firefox : https:\/\/support.mozilla.org\/fr\/kb\/activer-desactiver-cookies-preferences?redirectlocale=fr&amp;redirectslug=activer-desactiver-cookies<br \/>Si vous utilisez Opera : http:\/\/help.opera.com\/Windows\/10.20\/fr\/cookies.html<\/p>\n<p>&nbsp;<\/p>\n<h3>Limitation de la responsabilit\u00e9<\/h3>\n<p>&nbsp;<\/p>\n<p><strong>Couverture Lecoq<\/strong><span>\u00a0<\/span>a r\u00e9dig\u00e9 le contenu de ce site avec soin et technicit\u00e9 et s&#8217;efforce d&#8217;assurer au mieux de ses possibilit\u00e9s l&#8217;exactitude et la mise \u00e0 jour des informations diffus\u00e9es sur le site et se r\u00e9serve le droit d&#8217;en modifier le contenu \u00e0 tout moment. De ce fait, les informations et visuels diffus\u00e9s ont un caract\u00e8re exclusivement informatif et ne sauraient en aucun cas constituer un document contractuel pouvant fonder une action en justice.<span>\u00a0<\/span><strong>Couverture Lecoq<\/strong><span>\u00a0<\/span>ne saurait \u00eatre tenu pour responsable de tout dommage direct ou indirect &#8211; quelles qu&#8217;en soient la cause, l&#8217;origine, la nature et les cons\u00e9quences &#8211; r\u00e9sultant de l&#8217;acc\u00e8s au site, de son utilisation ou de l&#8217;impossibilit\u00e9 d&#8217;y acc\u00e9der, ainsi que de tout dommage du mat\u00e9riel des utilisateurs.<\/p>\n<p>&nbsp;<\/p>\n<h3>Propri\u00e9t\u00e9 intellectuelle<\/h3>\n<p>&nbsp;<\/p>\n<p>L&#8217;ensemble du site, et chacun de ses \u00e9l\u00e9ments pris s\u00e9par\u00e9ment, constituent une \u0153uvre prot\u00e9g\u00e9e et rel\u00e8vent de la l\u00e9gislation fran\u00e7aise et internationale sur le droit d&#8217;auteur et la propri\u00e9t\u00e9 intellectuelle. Aucune exploitation commerciale, reproduction, repr\u00e9sentation, utilisation, adaptation, modification, incorporation, traduction, commercialisation, partielle ou int\u00e9grale des \u00e9l\u00e9ments de ce site ne peut se faire sans l&#8217;autorisation pr\u00e9alable. La violation de ce droit de propri\u00e9t\u00e9 intellectuelle et\/ou industrielle est un d\u00e9lit de contrefa\u00e7on passible d&#8217;une peine de 2 ans d&#8217;emprisonnement et d&#8217;une amende de 150 000 euros.<\/p>\n<p>&nbsp;<\/p>\n<h3>Clauses attributives de comp\u00e9tence<\/h3>\n<p>&nbsp;<\/p>\n<p>Ce site \u00e9tant r\u00e9gi par la loi fran\u00e7aise, seuls les tribunaux fran\u00e7ais seront comp\u00e9tents en cas de litige.<\/p>\n<p>[\/et_pb_text][\/et_pb_column][\/et_pb_row][\/et_pb_section]<\/p>\n","protected":false},"excerpt":{"rendered":"<p>\u00e8Mention l\u00e9gales du site Couverture Lecoq Vous \u00eates connect\u00e9s au site\u00a0www.lecoq-couverture.com de la soci\u00e9t\u00e9 Couverture Lecoq &nbsp; Coordonn\u00e9es de l&#8217;entit\u00e9 propri\u00e9taire du site Internet &nbsp; Couverture Lecoq27 Rue Carnot77164 Ferri\u00e8res-en-brie T\u00e9l : 06 51 63 11 42 SIREN : 982 897 183 L&#8217;h\u00e9bergement est assur\u00e9 par OVH.\u00a0Si\u00e8ge social : 2 rue Kellermann &#8211; 59100 Roubaix [&hellip;]<\/p>\n","protected":false},"author":1,"featured_media":0,"parent":0,"menu_order":0,"comment_status":"closed","ping_status":"closed","template":"","meta":{"_et_pb_use_builder":"on","_et_pb_old_content":"","_et_gb_content_width":"","footnotes":""},"class_list":["post-180","page","type-page","status-publish","hentry"],"yoast_head":"<!-- This site is optimized with the Yoast SEO plugin v27.5 - https:\/\/yoast.com\/product\/yoast-seo-wordpress\/ -->\n<title>Mentions L\u00e9gales | Lecoq Couverture<\/title>\n<meta name=\"robots\" content=\"index, follow, max-snippet:-1, max-image-preview:large, max-video-preview:-1\" \/>\n<link rel=\"canonical\" href=\"https:\/\/lecoq-couverture.com\/index.php\/mentions-legales\/\" \/>\n<meta property=\"og:locale\" content=\"en_US\" \/>\n<meta property=\"og:type\" content=\"article\" \/>\n<meta property=\"og:title\" content=\"Mentions L\u00e9gales | Lecoq Couverture\" \/>\n<meta property=\"og:description\" content=\"\u00e8Mention l\u00e9gales du site Couverture Lecoq Vous \u00eates connect\u00e9s au site\u00a0www.lecoq-couverture.com de la soci\u00e9t\u00e9 Couverture Lecoq &nbsp; Coordonn\u00e9es de l&#039;entit\u00e9 propri\u00e9taire du site Internet &nbsp; Couverture Lecoq27 Rue Carnot77164 Ferri\u00e8res-en-brie T\u00e9l : 06 51 63 11 42 SIREN : 982 897 183 L&#039;h\u00e9bergement est assur\u00e9 par OVH.\u00a0Si\u00e8ge social : 2 rue Kellermann - 59100 Roubaix [&hellip;]\" \/>\n<meta property=\"og:url\" content=\"https:\/\/lecoq-couverture.com\/index.php\/mentions-legales\/\" \/>\n<meta property=\"og:site_name\" content=\"Lecoq Couverture\" \/>\n<meta name=\"twitter:card\" content=\"summary_large_image\" \/>\n<meta name=\"twitter:label1\" content=\"Est. reading time\" \/>\n\t<meta name=\"twitter:data1\" content=\"4 minutes\" \/>\n<script type=\"application\/ld+json\" class=\"yoast-schema-graph\">{\"@context\":\"https:\\\/\\\/schema.org\",\"@graph\":[{\"@type\":\"WebPage\",\"@id\":\"https:\\\/\\\/lecoq-couverture.com\\\/index.php\\\/mentions-legales\\\/\",\"url\":\"https:\\\/\\\/lecoq-couverture.com\\\/index.php\\\/mentions-legales\\\/\",\"name\":\"Mentions L\u00e9gales | Lecoq Couverture\",\"isPartOf\":{\"@id\":\"https:\\\/\\\/lecoq-couverture.com\\\/#website\"},\"datePublished\":\"2024-04-25T12:28:31+00:00\",\"breadcrumb\":{\"@id\":\"https:\\\/\\\/lecoq-couverture.com\\\/index.php\\\/mentions-legales\\\/#breadcrumb\"},\"inLanguage\":\"en-US\",\"potentialAction\":[{\"@type\":\"ReadAction\",\"target\":[\"https:\\\/\\\/lecoq-couverture.com\\\/index.php\\\/mentions-legales\\\/\"]}]},{\"@type\":\"BreadcrumbList\",\"@id\":\"https:\\\/\\\/lecoq-couverture.com\\\/index.php\\\/mentions-legales\\\/#breadcrumb\",\"itemListElement\":[{\"@type\":\"ListItem\",\"position\":1,\"name\":\"Accueil\",\"item\":\"https:\\\/\\\/lecoq-couverture.com\\\/\"},{\"@type\":\"ListItem\",\"position\":2,\"name\":\"Mentions L\u00e9gales\"}]},{\"@type\":\"WebSite\",\"@id\":\"https:\\\/\\\/lecoq-couverture.com\\\/#website\",\"url\":\"https:\\\/\\\/lecoq-couverture.com\\\/\",\"name\":\"Lecoq Couverture\",\"description\":\"Couvreur 77\",\"publisher\":{\"@id\":\"https:\\\/\\\/lecoq-couverture.com\\\/#organization\"},\"potentialAction\":[{\"@type\":\"SearchAction\",\"target\":{\"@type\":\"EntryPoint\",\"urlTemplate\":\"https:\\\/\\\/lecoq-couverture.com\\\/?s={search_term_string}\"},\"query-input\":{\"@type\":\"PropertyValueSpecification\",\"valueRequired\":true,\"valueName\":\"search_term_string\"}}],\"inLanguage\":\"en-US\"},{\"@type\":\"Organization\",\"@id\":\"https:\\\/\\\/lecoq-couverture.com\\\/#organization\",\"name\":\"Lecoq Couverture\",\"url\":\"https:\\\/\\\/lecoq-couverture.com\\\/\",\"logo\":{\"@type\":\"ImageObject\",\"inLanguage\":\"en-US\",\"@id\":\"https:\\\/\\\/lecoq-couverture.com\\\/#\\\/schema\\\/logo\\\/image\\\/\",\"url\":\"http:\\\/\\\/lecoq-couverture.com\\\/wp-content\\\/uploads\\\/2024\\\/04\\\/logo-lecoq-couverture.png\",\"contentUrl\":\"http:\\\/\\\/lecoq-couverture.com\\\/wp-content\\\/uploads\\\/2024\\\/04\\\/logo-lecoq-couverture.png\",\"width\":943,\"height\":320,\"caption\":\"Lecoq Couverture\"},\"image\":{\"@id\":\"https:\\\/\\\/lecoq-couverture.com\\\/#\\\/schema\\\/logo\\\/image\\\/\"}}]}<\/script>\n<!-- \/ Yoast SEO plugin. -->","yoast_head_json":{"title":"Mentions L\u00e9gales | Lecoq Couverture","robots":{"index":"index","follow":"follow","max-snippet":"max-snippet:-1","max-image-preview":"max-image-preview:large","max-video-preview":"max-video-preview:-1"},"canonical":"https:\/\/lecoq-couverture.com\/index.php\/mentions-legales\/","og_locale":"en_US","og_type":"article","og_title":"Mentions L\u00e9gales | Lecoq Couverture","og_description":"\u00e8Mention l\u00e9gales du site Couverture Lecoq Vous \u00eates connect\u00e9s au site\u00a0www.lecoq-couverture.com de la soci\u00e9t\u00e9 Couverture Lecoq &nbsp; Coordonn\u00e9es de l'entit\u00e9 propri\u00e9taire du site Internet &nbsp; Couverture Lecoq27 Rue Carnot77164 Ferri\u00e8res-en-brie T\u00e9l : 06 51 63 11 42 SIREN : 982 897 183 L'h\u00e9bergement est assur\u00e9 par OVH.\u00a0Si\u00e8ge social : 2 rue Kellermann - 59100 Roubaix [&hellip;]","og_url":"https:\/\/lecoq-couverture.com\/index.php\/mentions-legales\/","og_site_name":"Lecoq Couverture","twitter_card":"summary_large_image","twitter_misc":{"Est. reading time":"4 minutes"},"schema":{"@context":"https:\/\/schema.org","@graph":[{"@type":"WebPage","@id":"https:\/\/lecoq-couverture.com\/index.php\/mentions-legales\/","url":"https:\/\/lecoq-couverture.com\/index.php\/mentions-legales\/","name":"Mentions L\u00e9gales | Lecoq Couverture","isPartOf":{"@id":"https:\/\/lecoq-couverture.com\/#website"},"datePublished":"2024-04-25T12:28:31+00:00","breadcrumb":{"@id":"https:\/\/lecoq-couverture.com\/index.php\/mentions-legales\/#breadcrumb"},"inLanguage":"en-US","potentialAction":[{"@type":"ReadAction","target":["https:\/\/lecoq-couverture.com\/index.php\/mentions-legales\/"]}]},{"@type":"BreadcrumbList","@id":"https:\/\/lecoq-couverture.com\/index.php\/mentions-legales\/#breadcrumb","itemListElement":[{"@type":"ListItem","position":1,"name":"Accueil","item":"https:\/\/lecoq-couverture.com\/"},{"@type":"ListItem","position":2,"name":"Mentions L\u00e9gales"}]},{"@type":"WebSite","@id":"https:\/\/lecoq-couverture.com\/#website","url":"https:\/\/lecoq-couverture.com\/","name":"Lecoq Couverture","description":"Couvreur 77","publisher":{"@id":"https:\/\/lecoq-couverture.com\/#organization"},"potentialAction":[{"@type":"SearchAction","target":{"@type":"EntryPoint","urlTemplate":"https:\/\/lecoq-couverture.com\/?s={search_term_string}"},"query-input":{"@type":"PropertyValueSpecification","valueRequired":true,"valueName":"search_term_string"}}],"inLanguage":"en-US"},{"@type":"Organization","@id":"https:\/\/lecoq-couverture.com\/#organization","name":"Lecoq Couverture","url":"https:\/\/lecoq-couverture.com\/","logo":{"@type":"ImageObject","inLanguage":"en-US","@id":"https:\/\/lecoq-couverture.com\/#\/schema\/logo\/image\/","url":"http:\/\/lecoq-couverture.com\/wp-content\/uploads\/2024\/04\/logo-lecoq-couverture.png","contentUrl":"http:\/\/lecoq-couverture.com\/wp-content\/uploads\/2024\/04\/logo-lecoq-couverture.png","width":943,"height":320,"caption":"Lecoq Couverture"},"image":{"@id":"https:\/\/lecoq-couverture.com\/#\/schema\/logo\/image\/"}}]}},"_links":{"self":[{"href":"https:\/\/lecoq-couverture.com\/index.php\/wp-json\/wp\/v2\/pages\/180","targetHints":{"allow":["GET"]}}],"collection":[{"href":"https:\/\/lecoq-couverture.com\/index.php\/wp-json\/wp\/v2\/pages"}],"about":[{"href":"https:\/\/lecoq-couverture.com\/index.php\/wp-json\/wp\/v2\/types\/page"}],"author":[{"embeddable":true,"href":"https:\/\/lecoq-couverture.com\/index.php\/wp-json\/wp\/v2\/users\/1"}],"replies":[{"embeddable":true,"href":"https:\/\/lecoq-couverture.com\/index.php\/wp-json\/wp\/v2\/comments?post=180"}],"version-history":[{"count":2,"href":"https:\/\/lecoq-couverture.com\/index.php\/wp-json\/wp\/v2\/pages\/180\/revisions"}],"predecessor-version":[{"id":183,"href":"https:\/\/lecoq-couverture.com\/index.php\/wp-json\/wp\/v2\/pages\/180\/revisions\/183"}],"wp:attachment":[{"href":"https:\/\/lecoq-couverture.com\/index.php\/wp-json\/wp\/v2\/media?parent=180"}],"curies":[{"name":"wp","href":"https:\/\/api.w.org\/{rel}","templated":true}]}}